{"id":1131,"date":"2025-08-12T06:44:59","date_gmt":"2025-08-12T06:44:59","guid":{"rendered":"https:\/\/kimberly-labs.com\/fr\/?page_id=1131"},"modified":"2025-09-16T08:14:55","modified_gmt":"2025-09-16T08:14:55","slug":"training-center","status":"publish","type":"page","link":"https:\/\/kimberly-labs.com\/fr\/training-center\/","title":{"rendered":"Training Center"},"content":{"rendered":"\t\t<div data-elementor-type=\"wp-page\" data-elementor-id=\"1131\" class=\"elementor elementor-1131\" data-elementor-post-type=\"page\">\n\t\t\t\t<div class=\"elementor-element elementor-element-6142ec6c e-flex e-con-boxed e-con e-parent\" data-id=\"6142ec6c\" data-element_type=\"container\" data-settings=\"{&quot;background_background&quot;:&quot;classic&quot;}\">\n\t\t\t\t\t<div class=\"e-con-inner\">\n\t\t<div class=\"elementor-element elementor-element-22612968 e-flex e-con-boxed e-con e-child\" data-id=\"22612968\" data-element_type=\"container\" data-settings=\"{&quot;background_background&quot;:&quot;classic&quot;}\">\n\t\t\t\t\t<div class=\"e-con-inner\">\n\t\t<div class=\"elementor-element elementor-element-68ba505d e-flex e-con-boxed e-con e-child\" data-id=\"68ba505d\" data-element_type=\"container\">\n\t\t\t\t\t<div class=\"e-con-inner\">\n\t\t<div class=\"elementor-element elementor-element-77e384f9 e-con-full e-flex e-con e-child\" data-id=\"77e384f9\" data-element_type=\"container\">\n\t\t\t\t<div class=\"elementor-element elementor-element-73ee138d elementor-widget elementor-widget-heading\" data-id=\"73ee138d\" data-element_type=\"widget\" data-widget_type=\"heading.default\">\n\t\t\t\t\t<h1 class=\"elementor-heading-title elementor-size-default\">Centre de formation<\/h1>\t\t\t\t<\/div>\n\t\t\t\t<\/div>\n\t\t\t\t\t<\/div>\n\t\t\t\t<\/div>\n\t\t\t\t\t<\/div>\n\t\t\t\t<\/div>\n\t\t\t\t\t<\/div>\n\t\t\t\t<\/div>\n\t\t<div class=\"elementor-element elementor-element-323d87e1 e-flex e-con-boxed e-con e-parent\" data-id=\"323d87e1\" data-element_type=\"container\">\n\t\t\t\t\t<div class=\"e-con-inner\">\n\t\t<div class=\"elementor-element elementor-element-7339bb86 e-flex e-con-boxed e-con e-child\" data-id=\"7339bb86\" data-element_type=\"container\">\n\t\t\t\t\t<div class=\"e-con-inner\">\n\t\t<div class=\"elementor-element elementor-element-7fa3db5f e-con-full e-flex e-con e-child\" data-id=\"7fa3db5f\" data-element_type=\"container\">\n\t\t<div class=\"elementor-element elementor-element-4eaf5b34 e-flex e-con-boxed elementor-invisible e-con e-child\" data-id=\"4eaf5b34\" data-element_type=\"container\" data-settings=\"{&quot;animation&quot;:&quot;fadeInLeft&quot;}\">\n\t\t\t\t\t<div class=\"e-con-inner\">\n\t\t\t\t<div class=\"elementor-element elementor-element-426d09e7 elementor-widget elementor-widget-image\" data-id=\"426d09e7\" data-element_type=\"widget\" data-widget_type=\"image.default\">\n\t\t\t\t\t\t\t\t\t\t\t\t\t\t\t<img fetchpriority=\"high\" decoding=\"async\" width=\"800\" height=\"778\" src=\"https:\/\/kimberly-labs.com\/fr\/wp-content\/uploads\/2025\/08\/Kimberly-Labs-Training-Center-2.jpeg\" class=\"attachment-large size-large wp-image-1072\" alt=\"\" srcset=\"https:\/\/kimberly-labs.com\/fr\/wp-content\/uploads\/2025\/08\/Kimberly-Labs-Training-Center-2.jpeg 866w, https:\/\/kimberly-labs.com\/fr\/wp-content\/uploads\/2025\/08\/Kimberly-Labs-Training-Center-2-300x292.jpeg 300w, https:\/\/kimberly-labs.com\/fr\/wp-content\/uploads\/2025\/08\/Kimberly-Labs-Training-Center-2-768x747.jpeg 768w\" sizes=\"(max-width: 800px) 100vw, 800px\" \/>\t\t\t\t\t\t\t\t\t\t\t\t\t\t\t<\/div>\n\t\t\t\t\t<\/div>\n\t\t\t\t<\/div>\n\t\t\t\t<\/div>\n\t\t<div class=\"elementor-element elementor-element-7fbe9e89 e-flex e-con-boxed elementor-invisible e-con e-child\" data-id=\"7fbe9e89\" data-element_type=\"container\" data-settings=\"{&quot;background_background&quot;:&quot;classic&quot;,&quot;animation&quot;:&quot;fadeInDown&quot;}\">\n\t\t\t\t\t<div class=\"e-con-inner\">\n\t\t\t\t<div class=\"elementor-element elementor-element-3f31d62b elementor-widget elementor-widget-heading\" data-id=\"3f31d62b\" data-element_type=\"widget\" data-widget_type=\"heading.default\">\n\t\t\t\t\t<h2 class=\"elementor-heading-title elementor-size-default\">Centre de formation<\/h2>\t\t\t\t<\/div>\n\t\t\t\t<div class=\"elementor-element elementor-element-1034f485 elementor-widget elementor-widget-text-editor\" data-id=\"1034f485\" data-element_type=\"widget\" data-widget_type=\"text-editor.default\">\n\t\t\t\t\t\t\t\t\t<p>Notre centre de formation est un lieu d&#8217;apprentissage et de d\u00e9veloppement des comp\u00e9tences dans le domaine des diamants et des pierres pr\u00e9cieuses. Nous proposons des programmes de formation complets pour les passionn\u00e9s, les n\u00e9gociants, les bijoutiers et les gemmologues en herbe.<\/p><p>Nos formations vont des initiations \u00e0 la classification des diamants aux techniques avanc\u00e9es d&#8217;analyse gemmologique, offrant \u00e0 la fois des connaissances th\u00e9oriques et une exp\u00e9rience pratique avec de v\u00e9ritables pierres pr\u00e9cieuses.<\/p><p>Gr\u00e2ce \u00e0 des formateurs exp\u00e9riment\u00e9s, des laboratoires modernes et un contenu p\u00e9dagogique pertinent \u00e0 l&#8217;\u00e9chelle internationale, nos programmes de formation sont con\u00e7us pour vous doter de l&#8217;expertise et de la confiance n\u00e9cessaires pour exceller dans le secteur des pierres pr\u00e9cieuses.<\/p><p data-start=\"87\" data-end=\"201\">Pour ceux qui souhaitent en savoir plus sur les cours, pour une explication plus d\u00e9taill\u00e9e, veuillez contacter :<\/p><p data-start=\"203\" data-end=\"272\">Email : <a class=\"decorated-link cursor-pointer\" rel=\"noopener\" data-start=\"211\" data-end=\"233\">info@kimberly-labs.com<\/a><br data-start=\"233\" data-end=\"236\" \/>Num\u00e9ro de t\u00e9l\u00e9phone : +97470472323<\/p>\t\t\t\t\t\t\t\t<\/div>\n\t\t\t\t\t<\/div>\n\t\t\t\t<\/div>\n\t\t\t\t\t<\/div>\n\t\t\t\t<\/div>\n\t\t\t\t\t<\/div>\n\t\t\t\t<\/div>\n\t\t<div class=\"elementor-element elementor-element-0b6fb72 e-flex e-con-boxed e-con e-parent\" data-id=\"0b6fb72\" data-element_type=\"container\">\n\t\t\t\t\t<div class=\"e-con-inner\">\n\t\t\t\t<div class=\"elementor-element elementor-element-7ebabd0 elementor-widget elementor-widget-heading\" data-id=\"7ebabd0\" data-element_type=\"widget\" data-widget_type=\"heading.default\">\n\t\t\t\t\t<h3 class=\"elementor-heading-title elementor-size-default\"><span style=\"font-size: 30.4px\">Cours offerts au laboratoire Kimberly\n<\/span><\/h3>\t\t\t\t<\/div>\n\t\t\t\t<div class=\"elementor-element elementor-element-5e043c3 elementor-widget elementor-widget-gallery\" data-id=\"5e043c3\" data-element_type=\"widget\" data-settings=\"{&quot;columns&quot;:3,&quot;gap&quot;:{&quot;unit&quot;:&quot;px&quot;,&quot;size&quot;:15,&quot;sizes&quot;:[]},&quot;overlay_title&quot;:&quot;caption&quot;,&quot;gallery_layout&quot;:&quot;grid&quot;,&quot;columns_tablet&quot;:2,&quot;columns_mobile&quot;:1,&quot;gap_tablet&quot;:{&quot;unit&quot;:&quot;px&quot;,&quot;size&quot;:10,&quot;sizes&quot;:[]},&quot;gap_mobile&quot;:{&quot;unit&quot;:&quot;px&quot;,&quot;size&quot;:10,&quot;sizes&quot;:[]},&quot;link_to&quot;:&quot;file&quot;,&quot;aspect_ratio&quot;:&quot;3:2&quot;,&quot;overlay_background&quot;:&quot;yes&quot;,&quot;content_hover_animation&quot;:&quot;fade-in&quot;}\" data-widget_type=\"gallery.default\">\n\t\t\t\t\t\t\t<div class=\"elementor-gallery__container\">\n\t\t\t\t\t\t\t<a class=\"e-gallery-item elementor-gallery-item elementor-animated-content\" href=\"https:\/\/kimberly-labs.com\/fr\/wp-content\/uploads\/2025\/09\/HRD-Antwerp-Logo-5.png\" data-elementor-open-lightbox=\"yes\" data-elementor-lightbox-slideshow=\"5e043c3\" data-elementor-lightbox-title=\"HRD-Antwerp-Logo.png\" data-e-action-hash=\"#elementor-action%3Aaction%3Dlightbox%26settings%3DeyJpZCI6Mjc3MSwidXJsIjoiaHR0cHM6XC9cL2tpbWJlcmx5LWxhYnMuY29tXC9mclwvd3AtY29udGVudFwvdXBsb2Fkc1wvMjAyNVwvMDlcL0hSRC1BbnR3ZXJwLUxvZ28tNS5wbmciLCJzbGlkZXNob3ciOiI1ZTA0M2MzIn0%3D\">\n\t\t\t\t\t<div class=\"e-gallery-image elementor-gallery-item__image\" data-thumbnail=\"https:\/\/kimberly-labs.com\/fr\/wp-content\/uploads\/2025\/09\/HRD-Antwerp-Logo-5-300x231.png\" data-width=\"300\" data-height=\"231\" aria-label=\"\" role=\"img\" ><\/div>\n\t\t\t\t\t\t\t\t\t\t\t<div class=\"elementor-gallery-item__overlay\"><\/div>\n\t\t\t\t\t\t\t\t\t\t\t\t\t\t\t<div class=\"elementor-gallery-item__content\">\n\t\t\t\t\t\t\t\t\t\t\t\t\t\t<div class=\"elementor-gallery-item__title\">\n\t\t\t\t\t\t\t\t\t\t\t\t\t\t\t\t\t\tHRD Hoge Raad pour le diamant\t\t\t\t\t\t\t\t<\/div>\n\t\t\t\t\t\t\t\t\t\t\t\t<\/div>\n\t\t\t\t\t\t\t\t\t<\/a>\n\t\t\t\t\t\t\t<a class=\"e-gallery-item elementor-gallery-item elementor-animated-content\" href=\"https:\/\/kimberly-labs.com\/fr\/wp-content\/uploads\/2025\/09\/gia-logo-01.jpg\" data-elementor-open-lightbox=\"yes\" data-elementor-lightbox-slideshow=\"5e043c3\" data-elementor-lightbox-title=\"gia-logo-01\" data-e-action-hash=\"#elementor-action%3Aaction%3Dlightbox%26settings%3DeyJpZCI6Mjc3NSwidXJsIjoiaHR0cHM6XC9cL2tpbWJlcmx5LWxhYnMuY29tXC9mclwvd3AtY29udGVudFwvdXBsb2Fkc1wvMjAyNVwvMDlcL2dpYS1sb2dvLTAxLmpwZyIsInNsaWRlc2hvdyI6IjVlMDQzYzMifQ%3D%3D\">\n\t\t\t\t\t<div class=\"e-gallery-image elementor-gallery-item__image\" data-thumbnail=\"https:\/\/kimberly-labs.com\/fr\/wp-content\/uploads\/2025\/09\/gia-logo-01-300x300.jpg\" data-width=\"300\" data-height=\"300\" aria-label=\"\" role=\"img\" ><\/div>\n\t\t\t\t\t\t\t\t\t\t\t<div class=\"elementor-gallery-item__overlay\"><\/div>\n\t\t\t\t\t\t\t\t\t\t\t\t\t\t\t<div class=\"elementor-gallery-item__content\">\n\t\t\t\t\t\t\t\t\t\t\t\t\t\t<div class=\"elementor-gallery-item__title\">\n\t\t\t\t\t\t\t\t\t\t\t\t\t\t\t\t\t\tInstitut de gemmologie am\u00e9ricain GIA\t\t\t\t\t\t\t\t<\/div>\n\t\t\t\t\t\t\t\t\t\t\t\t<\/div>\n\t\t\t\t\t\t\t\t\t<\/a>\n\t\t\t\t\t\t\t<a class=\"e-gallery-item elementor-gallery-item elementor-animated-content\" href=\"https:\/\/kimberly-labs.com\/fr\/wp-content\/uploads\/2025\/09\/4lrPcXef_400x400.png\" data-elementor-open-lightbox=\"yes\" data-elementor-lightbox-slideshow=\"5e043c3\" data-elementor-lightbox-title=\"4lrPcXef_400x400\" data-e-action-hash=\"#elementor-action%3Aaction%3Dlightbox%26settings%3DeyJpZCI6Mjc3NCwidXJsIjoiaHR0cHM6XC9cL2tpbWJlcmx5LWxhYnMuY29tXC9mclwvd3AtY29udGVudFwvdXBsb2Fkc1wvMjAyNVwvMDlcLzRsclBjWGVmXzQwMHg0MDAucG5nIiwic2xpZGVzaG93IjoiNWUwNDNjMyJ9\">\n\t\t\t\t\t<div class=\"e-gallery-image elementor-gallery-item__image\" data-thumbnail=\"https:\/\/kimberly-labs.com\/fr\/wp-content\/uploads\/2025\/09\/4lrPcXef_400x400-300x300.png\" data-width=\"300\" data-height=\"300\" aria-label=\"\" role=\"img\" ><\/div>\n\t\t\t\t\t\t\t\t\t\t\t<div class=\"elementor-gallery-item__overlay\"><\/div>\n\t\t\t\t\t\t\t\t\t\t\t\t\t\t\t<div class=\"elementor-gallery-item__content\">\n\t\t\t\t\t\t\t\t\t\t\t\t\t\t<div class=\"elementor-gallery-item__title\">\n\t\t\t\t\t\t\t\t\t\t\t\t\t\t\t\t\t\tSSEF Institut suisse de gemmologie\t\t\t\t\t\t\t\t<\/div>\n\t\t\t\t\t\t\t\t\t\t\t\t<\/div>\n\t\t\t\t\t\t\t\t\t<\/a>\n\t\t\t\t\t<\/div>\n\t\t\t\t\t<\/div>\n\t\t\t\t<div class=\"elementor-element elementor-element-87fffdc elementor-widget elementor-widget-gallery\" data-id=\"87fffdc\" data-element_type=\"widget\" data-settings=\"{&quot;overlay_title&quot;:&quot;caption&quot;,&quot;columns&quot;:3,&quot;gallery_layout&quot;:&quot;grid&quot;,&quot;columns_tablet&quot;:2,&quot;columns_mobile&quot;:1,&quot;gap&quot;:{&quot;unit&quot;:&quot;px&quot;,&quot;size&quot;:10,&quot;sizes&quot;:[]},&quot;gap_tablet&quot;:{&quot;unit&quot;:&quot;px&quot;,&quot;size&quot;:10,&quot;sizes&quot;:[]},&quot;gap_mobile&quot;:{&quot;unit&quot;:&quot;px&quot;,&quot;size&quot;:10,&quot;sizes&quot;:[]},&quot;aspect_ratio&quot;:&quot;3:2&quot;,&quot;overlay_background&quot;:&quot;yes&quot;,&quot;content_hover_animation&quot;:&quot;fade-in&quot;}\" data-widget_type=\"gallery.default\">\n\t\t\t\t\t\t\t<div class=\"elementor-gallery__container\">\n\t\t\t\t\t<\/div>\n\t\t\t\t\t<\/div>\n\t\t\t\t\t<\/div>\n\t\t\t\t<\/div>\n\t\t<div class=\"elementor-element elementor-element-3be056d e-flex e-con-boxed elementor-invisible e-con e-parent\" data-id=\"3be056d\" data-element_type=\"container\" data-settings=\"{&quot;background_background&quot;:&quot;classic&quot;,&quot;animation&quot;:&quot;fadeInRight&quot;}\">\n\t\t\t\t\t<div class=\"e-con-inner\">\n\t\t<div class=\"elementor-element elementor-element-4d04410 e-flex e-con-boxed e-con e-child\" data-id=\"4d04410\" data-element_type=\"container\">\n\t\t\t\t\t<div class=\"e-con-inner\">\n\t\t<div class=\"elementor-element elementor-element-7d1a681 e-flex e-con-boxed e-con e-child\" data-id=\"7d1a681\" data-element_type=\"container\">\n\t\t\t\t\t<div class=\"e-con-inner\">\n\t\t\t\t<div class=\"elementor-element elementor-element-3599080 elementor-widget elementor-widget-heading\" data-id=\"3599080\" data-element_type=\"widget\" data-widget_type=\"heading.default\">\n\t\t\t\t\t<h3 class=\"elementor-heading-title elementor-size-default\">Cours<\/h3>\t\t\t\t<\/div>\n\t\t\t\t<div class=\"elementor-element elementor-element-337d4cf elementor-widget elementor-widget-text-editor\" data-id=\"337d4cf\" data-element_type=\"widget\" data-widget_type=\"text-editor.default\">\n\t\t\t\t\t\t\t\t\t<p><strong>Lieu : Locaux de formation douani\u00e8re &#8211; Mesaieed<\/strong><br \/>Fondements th\u00e9oriques de la suspicion de bijoux \u00e0 l&#8217;intention des inspecteurs de premi\u00e8re ligne des ports maritimes, a\u00e9riens et terrestres du pays au Centre de formation douani\u00e8re de l&#8217;Autorit\u00e9 g\u00e9n\u00e9rale des douanes du Qatar.<\/p>\t\t\t\t\t\t\t\t<\/div>\n\t\t\t\t\t<\/div>\n\t\t\t\t<\/div>\n\t\t\t\t\t<\/div>\n\t\t\t\t<\/div>\n\t\t\t\t\t<\/div>\n\t\t\t\t<\/div>\n\t\t<div class=\"elementor-element elementor-element-6e87edf e-flex e-con-boxed elementor-invisible e-con e-parent\" data-id=\"6e87edf\" data-element_type=\"container\" data-settings=\"{&quot;background_background&quot;:&quot;classic&quot;,&quot;animation&quot;:&quot;fadeInRight&quot;}\">\n\t\t\t\t\t<div class=\"e-con-inner\">\n\t\t<div class=\"elementor-element elementor-element-336be0b e-flex e-con-boxed e-con e-child\" data-id=\"336be0b\" data-element_type=\"container\">\n\t\t\t\t\t<div class=\"e-con-inner\">\n\t\t<div class=\"elementor-element elementor-element-9fc22b8 e-con-full e-flex e-con e-child\" data-id=\"9fc22b8\" data-element_type=\"container\" data-settings=\"{&quot;background_background&quot;:&quot;classic&quot;}\">\n\t\t\t\t<div class=\"elementor-element elementor-element-91777b6 elementor-widget elementor-widget-image\" data-id=\"91777b6\" data-element_type=\"widget\" data-widget_type=\"image.default\">\n\t\t\t\t\t\t\t\t\t\t\t\t\t\t\t<img decoding=\"async\" width=\"800\" height=\"847\" src=\"https:\/\/kimberly-labs.com\/fr\/wp-content\/uploads\/2025\/08\/image-1-967x1024.png\" class=\"attachment-large size-large wp-image-1851\" alt=\"\" srcset=\"https:\/\/kimberly-labs.com\/fr\/wp-content\/uploads\/2025\/08\/image-1-967x1024.png 967w, https:\/\/kimberly-labs.com\/fr\/wp-content\/uploads\/2025\/08\/image-1-283x300.png 283w, https:\/\/kimberly-labs.com\/fr\/wp-content\/uploads\/2025\/08\/image-1-768x813.png 768w, https:\/\/kimberly-labs.com\/fr\/wp-content\/uploads\/2025\/08\/image-1.png 1162w\" sizes=\"(max-width: 800px) 100vw, 800px\" \/>\t\t\t\t\t\t\t\t\t\t\t\t\t\t\t<\/div>\n\t\t\t\t<\/div>\n\t\t<div class=\"elementor-element elementor-element-ddf4d03 e-con-full e-flex e-con e-child\" data-id=\"ddf4d03\" data-element_type=\"container\">\n\t\t\t\t<div class=\"elementor-element elementor-element-911d88e elementor-widget elementor-widget-image\" data-id=\"911d88e\" data-element_type=\"widget\" data-widget_type=\"image.default\">\n\t\t\t\t\t\t\t\t\t\t\t\t\t\t\t<img decoding=\"async\" width=\"800\" height=\"800\" src=\"https:\/\/kimberly-labs.com\/fr\/wp-content\/uploads\/2025\/08\/\u062a\u0634\u0631\u0641\u062a-\u0628\u062a\u0642\u062f\u064a\u0645-\u0645\u062d\u0627\u0636\u0631\u0629-\u0639\u0646-\u0627\u0644\u0623\u0633\u0633-\u0627\u0644\u0646\u0638\u0631\u064a\u0629-\u0644\u0644\u0625\u0634\u062a\u0628\u0627\u0647-\u0628\u0627\u0644\u0645\u062c\u0648\u0647\u0631\u0627\u062a-\u0644\u0645\u0641\u062a\u0634\u064a-\u0627\u0644\u0635\u0641-\u0627\u0644\u0627\u0648\u0644-\u0645\u0646-\u0645\u0646\u0627\u0641\u0630-1\u0627\u0644\u062f\u0648\u0644\u0647-\u0627\u0644\u0628\u062d\u0631-1024x1024.jpg\" class=\"attachment-large size-large wp-image-1853\" alt=\"\" srcset=\"https:\/\/kimberly-labs.com\/fr\/wp-content\/uploads\/2025\/08\/\u062a\u0634\u0631\u0641\u062a-\u0628\u062a\u0642\u062f\u064a\u0645-\u0645\u062d\u0627\u0636\u0631\u0629-\u0639\u0646-\u0627\u0644\u0623\u0633\u0633-\u0627\u0644\u0646\u0638\u0631\u064a\u0629-\u0644\u0644\u0625\u0634\u062a\u0628\u0627\u0647-\u0628\u0627\u0644\u0645\u062c\u0648\u0647\u0631\u0627\u062a-\u0644\u0645\u0641\u062a\u0634\u064a-\u0627\u0644\u0635\u0641-\u0627\u0644\u0627\u0648\u0644-\u0645\u0646-\u0645\u0646\u0627\u0641\u0630-1\u0627\u0644\u062f\u0648\u0644\u0647-\u0627\u0644\u0628\u062d\u0631-1024x1024.jpg 1024w, https:\/\/kimberly-labs.com\/fr\/wp-content\/uploads\/2025\/08\/\u062a\u0634\u0631\u0641\u062a-\u0628\u062a\u0642\u062f\u064a\u0645-\u0645\u062d\u0627\u0636\u0631\u0629-\u0639\u0646-\u0627\u0644\u0623\u0633\u0633-\u0627\u0644\u0646\u0638\u0631\u064a\u0629-\u0644\u0644\u0625\u0634\u062a\u0628\u0627\u0647-\u0628\u0627\u0644\u0645\u062c\u0648\u0647\u0631\u0627\u062a-\u0644\u0645\u0641\u062a\u0634\u064a-\u0627\u0644\u0635\u0641-\u0627\u0644\u0627\u0648\u0644-\u0645\u0646-\u0645\u0646\u0627\u0641\u0630-1\u0627\u0644\u062f\u0648\u0644\u0647-\u0627\u0644\u0628\u062d\u0631-300x300.jpg 300w, https:\/\/kimberly-labs.com\/fr\/wp-content\/uploads\/2025\/08\/\u062a\u0634\u0631\u0641\u062a-\u0628\u062a\u0642\u062f\u064a\u0645-\u0645\u062d\u0627\u0636\u0631\u0629-\u0639\u0646-\u0627\u0644\u0623\u0633\u0633-\u0627\u0644\u0646\u0638\u0631\u064a\u0629-\u0644\u0644\u0625\u0634\u062a\u0628\u0627\u0647-\u0628\u0627\u0644\u0645\u062c\u0648\u0647\u0631\u0627\u062a-\u0644\u0645\u0641\u062a\u0634\u064a-\u0627\u0644\u0635\u0641-\u0627\u0644\u0627\u0648\u0644-\u0645\u0646-\u0645\u0646\u0627\u0641\u0630-1\u0627\u0644\u062f\u0648\u0644\u0647-\u0627\u0644\u0628\u062d\u0631-150x150.jpg 150w, https:\/\/kimberly-labs.com\/fr\/wp-content\/uploads\/2025\/08\/\u062a\u0634\u0631\u0641\u062a-\u0628\u062a\u0642\u062f\u064a\u0645-\u0645\u062d\u0627\u0636\u0631\u0629-\u0639\u0646-\u0627\u0644\u0623\u0633\u0633-\u0627\u0644\u0646\u0638\u0631\u064a\u0629-\u0644\u0644\u0625\u0634\u062a\u0628\u0627\u0647-\u0628\u0627\u0644\u0645\u062c\u0648\u0647\u0631\u0627\u062a-\u0644\u0645\u0641\u062a\u0634\u064a-\u0627\u0644\u0635\u0641-\u0627\u0644\u0627\u0648\u0644-\u0645\u0646-\u0645\u0646\u0627\u0641\u0630-1\u0627\u0644\u062f\u0648\u0644\u0647-\u0627\u0644\u0628\u062d\u0631-768x768.jpg 768w, https:\/\/kimberly-labs.com\/fr\/wp-content\/uploads\/2025\/08\/\u062a\u0634\u0631\u0641\u062a-\u0628\u062a\u0642\u062f\u064a\u0645-\u0645\u062d\u0627\u0636\u0631\u0629-\u0639\u0646-\u0627\u0644\u0623\u0633\u0633-\u0627\u0644\u0646\u0638\u0631\u064a\u0629-\u0644\u0644\u0625\u0634\u062a\u0628\u0627\u0647-\u0628\u0627\u0644\u0645\u062c\u0648\u0647\u0631\u0627\u062a-\u0644\u0645\u0641\u062a\u0634\u064a-\u0627\u0644\u0635\u0641-\u0627\u0644\u0627\u0648\u0644-\u0645\u0646-\u0645\u0646\u0627\u0641\u0630-1\u0627\u0644\u062f\u0648\u0644\u0647-\u0627\u0644\u0628\u062d\u0631-700x700.jpg 700w, https:\/\/kimberly-labs.com\/fr\/wp-content\/uploads\/2025\/08\/\u062a\u0634\u0631\u0641\u062a-\u0628\u062a\u0642\u062f\u064a\u0645-\u0645\u062d\u0627\u0636\u0631\u0629-\u0639\u0646-\u0627\u0644\u0623\u0633\u0633-\u0627\u0644\u0646\u0638\u0631\u064a\u0629-\u0644\u0644\u0625\u0634\u062a\u0628\u0627\u0647-\u0628\u0627\u0644\u0645\u062c\u0648\u0647\u0631\u0627\u062a-\u0644\u0645\u0641\u062a\u0634\u064a-\u0627\u0644\u0635\u0641-\u0627\u0644\u0627\u0648\u0644-\u0645\u0646-\u0645\u0646\u0627\u0641\u0630-1\u0627\u0644\u062f\u0648\u0644\u0647-\u0627\u0644\u0628\u062d\u0631.jpg 1080w\" sizes=\"(max-width: 800px) 100vw, 800px\" \/>\t\t\t\t\t\t\t\t\t\t\t\t\t\t\t<\/div>\n\t\t\t\t<\/div>\n\t\t<div class=\"elementor-element elementor-element-95a099c e-con-full e-flex e-con e-child\" data-id=\"95a099c\" data-element_type=\"container\">\n\t\t\t\t<div class=\"elementor-element elementor-element-faa4f77 elementor-widget elementor-widget-image\" data-id=\"faa4f77\" data-element_type=\"widget\" data-widget_type=\"image.default\">\n\t\t\t\t\t\t\t\t\t\t\t\t\t\t\t<img loading=\"lazy\" decoding=\"async\" width=\"800\" height=\"873\" src=\"https:\/\/kimberly-labs.com\/fr\/wp-content\/uploads\/2025\/08\/Screen-Shot-2025-08-16-at-1.28.18-PM-938x1024.png\" class=\"attachment-large size-large wp-image-1850\" alt=\"\" srcset=\"https:\/\/kimberly-labs.com\/fr\/wp-content\/uploads\/2025\/08\/Screen-Shot-2025-08-16-at-1.28.18-PM-938x1024.png 938w, https:\/\/kimberly-labs.com\/fr\/wp-content\/uploads\/2025\/08\/Screen-Shot-2025-08-16-at-1.28.18-PM-275x300.png 275w, https:\/\/kimberly-labs.com\/fr\/wp-content\/uploads\/2025\/08\/Screen-Shot-2025-08-16-at-1.28.18-PM-768x839.png 768w, https:\/\/kimberly-labs.com\/fr\/wp-content\/uploads\/2025\/08\/Screen-Shot-2025-08-16-at-1.28.18-PM.png 1152w\" sizes=\"(max-width: 800px) 100vw, 800px\" \/>\t\t\t\t\t\t\t\t\t\t\t\t\t\t\t<\/div>\n\t\t\t\t<\/div>\n\t\t\t\t\t<\/div>\n\t\t\t\t<\/div>\n\t\t\t\t\t<\/div>\n\t\t\t\t<\/div>\n\t\t<div class=\"elementor-element elementor-element-cf22bfb e-flex e-con-boxed elementor-invisible e-con e-parent\" data-id=\"cf22bfb\" data-element_type=\"container\" data-settings=\"{&quot;background_background&quot;:&quot;classic&quot;,&quot;animation&quot;:&quot;fadeInRight&quot;}\">\n\t\t\t\t\t<div class=\"e-con-inner\">\n\t\t<div class=\"elementor-element elementor-element-739a5a1 e-flex e-con-boxed e-con e-child\" data-id=\"739a5a1\" data-element_type=\"container\">\n\t\t\t\t\t<div class=\"e-con-inner\">\n\t\t<div class=\"elementor-element elementor-element-9910484 e-flex e-con-boxed e-con e-child\" data-id=\"9910484\" data-element_type=\"container\">\n\t\t\t\t\t<div class=\"e-con-inner\">\n\t\t\t\t<div class=\"elementor-element elementor-element-83f6acd elementor-widget elementor-widget-heading\" data-id=\"83f6acd\" data-element_type=\"widget\" data-widget_type=\"heading.default\">\n\t\t\t\t\t<h3 class=\"elementor-heading-title elementor-size-default\">Titres des Formations<\/h3>\t\t\t\t<\/div>\n\t\t\t\t<div class=\"elementor-element elementor-element-55e0b69 elementor-widget elementor-widget-text-editor\" data-id=\"55e0b69\" data-element_type=\"widget\" data-widget_type=\"text-editor.default\">\n\t\t\t\t\t\t\t\t\t<p data-start=\"657\" data-end=\"702\">\u00a0<\/p><ul data-start=\"655\" data-end=\"1088\"><li data-start=\"703\" data-end=\"777\"><p data-start=\"705\" data-end=\"777\"><strong data-start=\"705\" data-end=\"734\">Les propri\u00e9t\u00e9s du diamant<\/strong> \u2013 Diamant naturel et diamant de synth\u00e8se<\/p><\/li><li data-start=\"778\" data-end=\"870\"><p data-start=\"780\" data-end=\"870\"><strong data-start=\"780\" data-end=\"823\">Origine des pierres pr\u00e9cieuses color\u00e9es<\/strong> : Rubis, Saphir et P\u00e9ridot <em data-start=\"851\" data-end=\"868\">(Niveau avanc\u00e9)<\/em><\/p><\/li><li data-start=\"871\" data-end=\"918\"><p data-start=\"873\" data-end=\"918\"><strong data-start=\"873\" data-end=\"898\">\u00c9valuation des bijoux<\/strong> <em data-start=\"899\" data-end=\"916\">(Niveau avanc\u00e9)<\/em><\/p><\/li><li data-start=\"919\" data-end=\"937\"><p data-start=\"921\" data-end=\"937\"><strong data-start=\"921\" data-end=\"935\">Les perles<\/strong><\/p><\/li><li data-start=\"938\" data-end=\"973\"><p data-start=\"940\" data-end=\"973\"><strong data-start=\"940\" data-end=\"971\">Les petits diamants (Melee)<\/strong><\/p><\/li><li data-start=\"974\" data-end=\"1059\"><p data-start=\"976\" data-end=\"1059\"><strong data-start=\"976\" data-end=\"1057\">Normes fondamentales pour l\u2019identification des min\u00e9raux et pierres pr\u00e9cieuses<\/strong><\/p><\/li><li data-start=\"1060\" data-end=\"1088\"><p data-start=\"1062\" data-end=\"1088\"><strong data-start=\"1062\" data-end=\"1086\">Conception de bijoux<\/strong><\/p><\/li><\/ul><p data-start=\"1090\" data-end=\"1184\"><b>\u00a0 \u00a0 \u00a0 \u00a0 \u00a0 \u00a0 \u00a0 \u00a0 \u00a0 \u00a0 \u00a0 \u00a0 \u00a0 \u00a0 \u00a0 \u00a0 \u00a0 \u00a0 \u00a0 \u00a0 \u00a0 \u00a0 \u00a0 \u00a0 \u00a0 \u00a0 \u00a0 \u00a0 \u00a0 \u00a0 \u00a0 \u00a0 \u00a0 \u00a0 \u00a0 \u00a0 \u00a0 \u00a0 \u00a0 \u00a0 \u00a0 \u00a0 \u00a0 \u00a0 \u00a0 \u00a0 \u00a0 \u00a0 \u00a0 \u00a0 \u00a0 \u00a0 \u00a0 \u00a0 \u00a0 \u00a0Pour toute information et inscription<\/b><\/p><p data-start=\"1090\" data-end=\"1184\">\u00a0 \u00a0 \u00a0 \u00a0 \u00a0 \u00a0 \u00a0 \u00a0 \u00a0 \u00a0 \u00a0 \u00a0 \u00a0 \u00a0 \u00a0 \u00a0 \u00a0 \u00a0 \u00a0 \u00a0 \u00a0 \u00a0 \u00a0 \u00a0 \u00a0 \u00a0 \u00a0 \u00a0 \u00a0+97470472323\u00a0 \u00a0 \u00a0 \u00a0 \u00a0 \u00a0 \u00a0 \u00a0 \u00a0 \u00a0 \u00a0 \u00a0 \u00a0 \u00a0 \u00a0 \u00a0 \u00a0 \u00a0 \u00a0 \u00a0 \u00a0 \u00a0 \u00a0 \u00a0 \u00a0 \u00a0 \u00a0 \u00a0 \u00a0 \u00a0 \u00a0 \u00a0 \u00a0 \u00a0 \u00a0 \u00a0 \u00a0\u00a0<a class=\"decorated-link cursor-pointer\" style=\"background-color: #f7f1ea; color: #333333; font-size: 1rem;\" rel=\"noopener\" data-start=\"1160\" data-end=\"1182\">info@kimberly-labs.com<\/a><\/p><p data-start=\"1090\" data-end=\"1184\">\u00a0<\/p>\t\t\t\t\t\t\t\t<\/div>\n\t\t\t\t\t<\/div>\n\t\t\t\t<\/div>\n\t\t\t\t\t<\/div>\n\t\t\t\t<\/div>\n\t\t\t\t\t<\/div>\n\t\t\t\t<\/div>\n\t\t\t\t<\/div>\n\t\t\n    <div class=\"xs_social_share_widget xs_share_url after_content \t\tmain_content  wslu-style-1 wslu-share-box-shaped wslu-fill-colored wslu-none wslu-share-horizontal wslu-theme-font-no wslu-main_content\">\n\n\t\t\n        <ul>\n\t\t\t        <\/ul>\n    <\/div> \n","protected":false},"excerpt":{"rendered":"<p>Centre de formation Centre de formation Notre centre de formation est un lieu d&#8217;apprentissage et de d\u00e9veloppement des comp\u00e9tences dans le domaine des diamants et des pierres pr\u00e9cieuses. Nous proposons des programmes de formation complets pour les passionn\u00e9s, les n\u00e9gociants, les bijoutiers et les gemmologues en herbe. Nos formations vont des initiations \u00e0 la classification [&hellip;]<\/p>\n","protected":false},"author":1,"featured_media":0,"parent":0,"menu_order":0,"comment_status":"closed","ping_status":"closed","template":"elementor_header_footer","meta":{"footnotes":""},"class_list":["post-1131","page","type-page","status-publish","hentry"],"_links":{"self":[{"href":"https:\/\/kimberly-labs.com\/fr\/wp-json\/wp\/v2\/pages\/1131","targetHints":{"allow":["GET"]}}],"collection":[{"href":"https:\/\/kimberly-labs.com\/fr\/wp-json\/wp\/v2\/pages"}],"about":[{"href":"https:\/\/kimberly-labs.com\/fr\/wp-json\/wp\/v2\/types\/page"}],"author":[{"embeddable":true,"href":"https:\/\/kimberly-labs.com\/fr\/wp-json\/wp\/v2\/users\/1"}],"replies":[{"embeddable":true,"href":"https:\/\/kimberly-labs.com\/fr\/wp-json\/wp\/v2\/comments?post=1131"}],"version-history":[{"count":94,"href":"https:\/\/kimberly-labs.com\/fr\/wp-json\/wp\/v2\/pages\/1131\/revisions"}],"predecessor-version":[{"id":2819,"href":"https:\/\/kimberly-labs.com\/fr\/wp-json\/wp\/v2\/pages\/1131\/revisions\/2819"}],"wp:attachment":[{"href":"https:\/\/kimberly-labs.com\/fr\/wp-json\/wp\/v2\/media?parent=1131"}],"curies":[{"name":"wp","href":"https:\/\/api.w.org\/{rel}","templated":true}]}}