{"id":1094,"date":"2025-08-12T05:47:08","date_gmt":"2025-08-12T05:47:08","guid":{"rendered":"https:\/\/kimberly-labs.com\/fr\/?page_id=1094"},"modified":"2025-09-02T12:05:49","modified_gmt":"2025-09-02T12:05:49","slug":"diamond-gemological-services","status":"publish","type":"page","link":"https:\/\/kimberly-labs.com\/fr\/diamond-gemological-services\/","title":{"rendered":"Diamond &amp; Gemological Services"},"content":{"rendered":"\t\t<div data-elementor-type=\"wp-page\" data-elementor-id=\"1094\" class=\"elementor elementor-1094\" data-elementor-post-type=\"page\">\n\t\t\t\t<div class=\"elementor-element elementor-element-1cb8b7c e-flex e-con-boxed e-con e-parent\" data-id=\"1cb8b7c\" data-element_type=\"container\" data-settings=\"{&quot;background_background&quot;:&quot;classic&quot;}\">\n\t\t\t\t\t<div class=\"e-con-inner\">\n\t\t<div class=\"elementor-element elementor-element-3de93c85 e-flex e-con-boxed e-con e-child\" data-id=\"3de93c85\" data-element_type=\"container\" data-settings=\"{&quot;background_background&quot;:&quot;classic&quot;}\">\n\t\t\t\t\t<div class=\"e-con-inner\">\n\t\t<div class=\"elementor-element elementor-element-46f0079a e-flex e-con-boxed e-con e-child\" data-id=\"46f0079a\" data-element_type=\"container\">\n\t\t\t\t\t<div class=\"e-con-inner\">\n\t\t<div class=\"elementor-element elementor-element-6549d4a1 e-con-full e-flex e-con e-child\" data-id=\"6549d4a1\" data-element_type=\"container\">\n\t\t\t\t<div class=\"elementor-element elementor-element-7b687909 elementor-widget elementor-widget-heading\" data-id=\"7b687909\" data-element_type=\"widget\" data-widget_type=\"heading.default\">\n\t\t\t\t\t<h1 class=\"elementor-heading-title elementor-size-default\">Services de diamants et de gemmologie<\/h1>\t\t\t\t<\/div>\n\t\t\t\t<\/div>\n\t\t\t\t\t<\/div>\n\t\t\t\t<\/div>\n\t\t\t\t\t<\/div>\n\t\t\t\t<\/div>\n\t\t\t\t\t<\/div>\n\t\t\t\t<\/div>\n\t\t<div class=\"elementor-element elementor-element-1d45489 e-flex e-con-boxed e-con e-parent\" data-id=\"1d45489\" data-element_type=\"container\">\n\t\t\t\t\t<div class=\"e-con-inner\">\n\t\t<div class=\"elementor-element elementor-element-66a2d1de e-flex e-con-boxed e-con e-child\" data-id=\"66a2d1de\" data-element_type=\"container\">\n\t\t\t\t\t<div class=\"e-con-inner\">\n\t\t<div class=\"elementor-element elementor-element-344bde70 e-con-full e-flex elementor-invisible e-con e-child\" data-id=\"344bde70\" data-element_type=\"container\" data-settings=\"{&quot;animation&quot;:&quot;fadeInLeft&quot;}\">\n\t\t<div class=\"elementor-element elementor-element-76471fc4 e-flex e-con-boxed e-con e-child\" data-id=\"76471fc4\" data-element_type=\"container\">\n\t\t\t\t\t<div class=\"e-con-inner\">\n\t\t\t\t<div class=\"elementor-element elementor-element-3c596246 elementor-widget elementor-widget-image\" data-id=\"3c596246\" data-element_type=\"widget\" data-widget_type=\"image.default\">\n\t\t\t\t\t\t\t\t\t\t\t\t\t\t\t<img fetchpriority=\"high\" decoding=\"async\" width=\"800\" height=\"594\" src=\"https:\/\/kimberly-labs.com\/fr\/wp-content\/uploads\/2025\/08\/Diamond-and-Gemological-Services-1-1024x760.jpeg\" class=\"attachment-large size-large wp-image-1517\" alt=\"\" srcset=\"https:\/\/kimberly-labs.com\/fr\/wp-content\/uploads\/2025\/08\/Diamond-and-Gemological-Services-1-1024x760.jpeg 1024w, https:\/\/kimberly-labs.com\/fr\/wp-content\/uploads\/2025\/08\/Diamond-and-Gemological-Services-1-300x223.jpeg 300w, https:\/\/kimberly-labs.com\/fr\/wp-content\/uploads\/2025\/08\/Diamond-and-Gemological-Services-1-768x570.jpeg 768w, https:\/\/kimberly-labs.com\/fr\/wp-content\/uploads\/2025\/08\/Diamond-and-Gemological-Services-1.jpeg 1488w\" sizes=\"(max-width: 800px) 100vw, 800px\" \/>\t\t\t\t\t\t\t\t\t\t\t\t\t\t\t<\/div>\n\t\t\t\t\t<\/div>\n\t\t\t\t<\/div>\n\t\t\t\t<\/div>\n\t\t<div class=\"elementor-element elementor-element-74c94cc4 e-flex e-con-boxed elementor-invisible e-con e-child\" data-id=\"74c94cc4\" data-element_type=\"container\" data-settings=\"{&quot;background_background&quot;:&quot;classic&quot;,&quot;animation&quot;:&quot;fadeInDown&quot;}\">\n\t\t\t\t\t<div class=\"e-con-inner\">\n\t\t\t\t<div class=\"elementor-element elementor-element-7a81de35 elementor-widget elementor-widget-heading\" data-id=\"7a81de35\" data-element_type=\"widget\" data-widget_type=\"heading.default\">\n\t\t\t\t\t<h2 class=\"elementor-heading-title elementor-size-default\">Services de diamants et de gemmologie<\/h2>\t\t\t\t<\/div>\n\t\t\t\t<div class=\"elementor-element elementor-element-26948d34 elementor-widget elementor-widget-text-editor\" data-id=\"26948d34\" data-element_type=\"widget\" data-widget_type=\"text-editor.default\">\n\t\t\t\t\t\t\t\t\t<p>Nos services de diamants et de gemmologie sont con\u00e7us pour r\u00e9pondre aux divers besoins de l&#8217;industrie de la joaillerie et des pierres pr\u00e9cieuses. De la v\u00e9rification de l&#8217;authenticit\u00e9 \u00e0 l&#8217;analyse de l&#8217;origine, nous proposons des tests sp\u00e9cialis\u00e9s pour identifier et diff\u00e9rencier les pierres naturelles, trait\u00e9es et synth\u00e9tiques.<\/p><p>Gr\u00e2ce \u00e0 des instruments de gemmologie de pointe, nous pouvons d\u00e9tecter les traitements, v\u00e9rifier la qualit\u00e9 et vous conseiller sur l&#8217;estimation des pierres. Que vous ayez besoin d&#8217;une v\u00e9rification avant achat, d&#8217;une nouvelle v\u00e9rification pour une assurance ou d&#8217;une consultation d&#8217;expert sur les caract\u00e9ristiques des pierres pr\u00e9cieuses, notre \u00e9quipe vous garantit des r\u00e9sultats pr\u00e9cis et professionnels \u00e0 chaque fois.<\/p>\t\t\t\t\t\t\t\t<\/div>\n\t\t\t\t\t<\/div>\n\t\t\t\t<\/div>\n\t\t\t\t\t<\/div>\n\t\t\t\t<\/div>\n\t\t\t\t\t<\/div>\n\t\t\t\t<\/div>\n\t\t<div class=\"elementor-element elementor-element-c09fbc1 e-flex e-con-boxed e-con e-parent\" data-id=\"c09fbc1\" data-element_type=\"container\" data-settings=\"{&quot;background_background&quot;:&quot;classic&quot;}\">\n\t\t\t\t\t<div class=\"e-con-inner\">\n\t\t<div class=\"elementor-element elementor-element-069ec88 e-flex e-con-boxed e-con e-child\" data-id=\"069ec88\" data-element_type=\"container\">\n\t\t\t\t\t<div class=\"e-con-inner\">\n\t\t<div class=\"elementor-element elementor-element-a89729f e-flex e-con-boxed elementor-invisible e-con e-child\" data-id=\"a89729f\" data-element_type=\"container\" data-settings=\"{&quot;animation&quot;:&quot;fadeInUp&quot;}\">\n\t\t\t\t\t<div class=\"e-con-inner\">\n\t\t\t\t<div class=\"elementor-element elementor-element-8a449a3 elementor-widget elementor-widget-heading\" data-id=\"8a449a3\" data-element_type=\"widget\" data-widget_type=\"heading.default\">\n\t\t\t\t\t<h2 class=\"elementor-heading-title elementor-size-default\">Service de test et de certification de pierres pr\u00e9cieuses \u2013 Laboratoire Kimberly<\/h2>\t\t\t\t<\/div>\n\t\t\t\t<div class=\"elementor-element elementor-element-bc637c2 elementor-widget elementor-widget-text-editor\" data-id=\"bc637c2\" data-element_type=\"widget\" data-widget_type=\"text-editor.default\">\n\t\t\t\t\t\t\t\t\t<p>Le Laboratoire Kimberly propose un service complet de tests et de certification de tous types de pierres pr\u00e9cieuses, utilisant des \u00e9quipements gemmologiques de pointe et men\u00e9s par des gemmologues experts certifi\u00e9s. Les tests sont r\u00e9alis\u00e9s conform\u00e9ment aux normes internationales pour garantir des r\u00e9sultats pr\u00e9cis et des rapports fiables.<\/p>\t\t\t\t\t\t\t\t<\/div>\n\t\t\t\t<div class=\"elementor-element elementor-element-dea668a elementor-widget elementor-widget-text-editor\" data-id=\"dea668a\" data-element_type=\"widget\" data-widget_type=\"text-editor.default\">\n\t\t\t\t\t\t\t\t\t<strong>Contenu du rapport de certificat de pierre pr\u00e9cieuse :<\/strong>\n<ul>\n \t<li>Num\u00e9ro de certificat : Un num\u00e9ro d\u2019identification unique pour chaque rapport afin d\u2019assurer la tra\u00e7abilit\u00e9 et la v\u00e9rification.<\/li>\n \t<li>Informations sur les pierres pr\u00e9cieuses\u00a0:<\/li>\n \t<li>Authenticit\u00e9 : D\u00e9terminer si la pierre pr\u00e9cieuse est naturelle, synth\u00e9tique, trait\u00e9e ou une imitation \u00e0 l&#8217;aide de techniques de test avanc\u00e9es.<\/li>\n \t<li>Poids en carats : par exemple, 2,35 ct.<\/li>\n \t<li>Couleur : par exemple, bleu fonc\u00e9, jaune verd\u00e2tre, incolore, etc.<\/li>\n \t<li>Transparence : Transparent, Translucide, Opaque.<\/li>\n \t<li>Taille\/forme : par exemple, taille mixte ovale, coussin, brillant rond, etc..<\/li>\n \t<li>Dimensions : Longueur \u00d7 Largeur \u00d7 Profondeur en millim\u00e8tres (par exemple, 9,12 \u00d7 7,85 \u00d7 4,56 mm).<\/li>\n<\/ul>\n<strong>Propri\u00e9t\u00e9s physiques et optiques :<\/strong>\n<ul>\n \t<li>Densit\u00e9 : par exemple, 3,95.<\/li>\n \t<li>Indice de r\u00e9fraction : par exemple, 1,762 \u2013 1,770.<\/li>\n \t<li>Duret\u00e9 (\u00e9chelle de Mohs) : par exemple, 9,0.<\/li>\n<\/ul>\n<strong>Tests avanc\u00e9s\u00a0:<\/strong>\n<ul>\n \t<li>\u00c9valuation microscopique : Observation d&#8217;inclusions internes telles que des cristaux, des plumes ou des empreintes digitales.<\/li>\n \t<li>Analyse spectroscopique : identification des lignes d&#8217;absorption caract\u00e9ristiques de pierres pr\u00e9cieuses sp\u00e9cifiques (par exemple, le corindon).<\/li>\n \t<li>Examen au dichroscope : identification d&#8217;un pl\u00e9ochro\u00efsme distinctif (par exemple, bleu et vert).<\/li>\n<\/ul>\t\t\t\t\t\t\t\t<\/div>\n\t\t\t\t<div class=\"elementor-element elementor-element-375bd97 elementor-widget elementor-widget-text-editor\" data-id=\"375bd97\" data-element_type=\"widget\" data-widget_type=\"text-editor.default\">\n\t\t\t\t\t\t\t\t\t<p><strong>Remarques suppl\u00e9mentaires\u00a0:<\/strong> Toute autre observation pertinente, telle que des traces de traitement thermique, de per\u00e7age au laser ou des indications d&#8217;origine.<\/p><p><strong>Certifi\u00e9 par\u00a0:<\/strong> Gemmologues et experts en pierres pr\u00e9cieuses.<\/p>\t\t\t\t\t\t\t\t<\/div>\n\t\t\t\t\t<\/div>\n\t\t\t\t<\/div>\n\t\t\t\t\t<\/div>\n\t\t\t\t<\/div>\n\t\t\t\t\t<\/div>\n\t\t\t\t<\/div>\n\t\t\t\t<\/div>\n\t\t\n    <div class=\"xs_social_share_widget xs_share_url after_content \t\tmain_content  wslu-style-1 wslu-share-box-shaped wslu-fill-colored wslu-none wslu-share-horizontal wslu-theme-font-no wslu-main_content\">\n\n\t\t\n        <ul>\n\t\t\t        <\/ul>\n    <\/div> \n","protected":false},"excerpt":{"rendered":"<p>Services de diamants et de gemmologie Services de diamants et de gemmologie Nos services de diamants et de gemmologie sont con\u00e7us pour r\u00e9pondre aux divers besoins de l&#8217;industrie de la joaillerie et des pierres pr\u00e9cieuses. De la v\u00e9rification de l&#8217;authenticit\u00e9 \u00e0 l&#8217;analyse de l&#8217;origine, nous proposons des tests sp\u00e9cialis\u00e9s pour identifier et diff\u00e9rencier les pierres [&hellip;]<\/p>\n","protected":false},"author":1,"featured_media":0,"parent":0,"menu_order":0,"comment_status":"closed","ping_status":"closed","template":"elementor_header_footer","meta":{"footnotes":""},"class_list":["post-1094","page","type-page","status-publish","hentry"],"_links":{"self":[{"href":"https:\/\/kimberly-labs.com\/fr\/wp-json\/wp\/v2\/pages\/1094","targetHints":{"allow":["GET"]}}],"collection":[{"href":"https:\/\/kimberly-labs.com\/fr\/wp-json\/wp\/v2\/pages"}],"about":[{"href":"https:\/\/kimberly-labs.com\/fr\/wp-json\/wp\/v2\/types\/page"}],"author":[{"embeddable":true,"href":"https:\/\/kimberly-labs.com\/fr\/wp-json\/wp\/v2\/users\/1"}],"replies":[{"embeddable":true,"href":"https:\/\/kimberly-labs.com\/fr\/wp-json\/wp\/v2\/comments?post=1094"}],"version-history":[{"count":67,"href":"https:\/\/kimberly-labs.com\/fr\/wp-json\/wp\/v2\/pages\/1094\/revisions"}],"predecessor-version":[{"id":2621,"href":"https:\/\/kimberly-labs.com\/fr\/wp-json\/wp\/v2\/pages\/1094\/revisions\/2621"}],"wp:attachment":[{"href":"https:\/\/kimberly-labs.com\/fr\/wp-json\/wp\/v2\/media?parent=1094"}],"curies":[{"name":"wp","href":"https:\/\/api.w.org\/{rel}","templated":true}]}}