{"id":1091,"date":"2025-08-12T05:42:55","date_gmt":"2025-08-12T05:42:55","guid":{"rendered":"https:\/\/kimberly-labs.com\/fr\/?page_id=1091"},"modified":"2025-09-02T12:21:17","modified_gmt":"2025-09-02T12:21:17","slug":"grading-report-certification","status":"publish","type":"page","link":"https:\/\/kimberly-labs.com\/fr\/grading-report-certification\/","title":{"rendered":"Grading Report &amp; Certification"},"content":{"rendered":"\t\t<div data-elementor-type=\"wp-page\" data-elementor-id=\"1091\" class=\"elementor elementor-1091\" data-elementor-post-type=\"page\">\n\t\t\t\t<div class=\"elementor-element elementor-element-44696dc2 e-flex e-con-boxed e-con e-parent\" data-id=\"44696dc2\" data-element_type=\"container\" data-settings=\"{&quot;background_background&quot;:&quot;classic&quot;}\">\n\t\t\t\t\t<div class=\"e-con-inner\">\n\t\t<div class=\"elementor-element elementor-element-13883f77 e-flex e-con-boxed e-con e-child\" data-id=\"13883f77\" data-element_type=\"container\" data-settings=\"{&quot;background_background&quot;:&quot;classic&quot;}\">\n\t\t\t\t\t<div class=\"e-con-inner\">\n\t\t<div class=\"elementor-element elementor-element-61129d49 e-flex e-con-boxed e-con e-child\" data-id=\"61129d49\" data-element_type=\"container\">\n\t\t\t\t\t<div class=\"e-con-inner\">\n\t\t<div class=\"elementor-element elementor-element-60316539 e-con-full e-flex e-con e-child\" data-id=\"60316539\" data-element_type=\"container\">\n\t\t\t\t<div class=\"elementor-element elementor-element-2f252d5a elementor-widget elementor-widget-heading\" data-id=\"2f252d5a\" data-element_type=\"widget\" data-widget_type=\"heading.default\">\n\t\t\t\t\t<h1 class=\"elementor-heading-title elementor-size-default\">Rapport de notation et certification<\/h1>\t\t\t\t<\/div>\n\t\t\t\t<\/div>\n\t\t\t\t\t<\/div>\n\t\t\t\t<\/div>\n\t\t\t\t\t<\/div>\n\t\t\t\t<\/div>\n\t\t\t\t\t<\/div>\n\t\t\t\t<\/div>\n\t\t<div class=\"elementor-element elementor-element-2b03f0ee e-flex e-con-boxed e-con e-parent\" data-id=\"2b03f0ee\" data-element_type=\"container\">\n\t\t\t\t\t<div class=\"e-con-inner\">\n\t\t<div class=\"elementor-element elementor-element-19b47a05 e-flex e-con-boxed e-con e-child\" data-id=\"19b47a05\" data-element_type=\"container\">\n\t\t\t\t\t<div class=\"e-con-inner\">\n\t\t<div class=\"elementor-element elementor-element-6432d73c e-con-full e-flex e-con e-child\" data-id=\"6432d73c\" data-element_type=\"container\">\n\t\t<div class=\"elementor-element elementor-element-773c7ee6 e-flex e-con-boxed elementor-invisible e-con e-child\" data-id=\"773c7ee6\" data-element_type=\"container\" data-settings=\"{&quot;animation&quot;:&quot;fadeInLeft&quot;}\">\n\t\t\t\t\t<div class=\"e-con-inner\">\n\t\t\t\t<div class=\"elementor-element elementor-element-269036d9 elementor-widget elementor-widget-image\" data-id=\"269036d9\" data-element_type=\"widget\" data-widget_type=\"image.default\">\n\t\t\t\t\t\t\t\t\t\t\t\t\t\t\t<img fetchpriority=\"high\" decoding=\"async\" width=\"1600\" height=\"1066\" src=\"https:\/\/kimberly-labs.com\/fr\/wp-content\/uploads\/2025\/08\/image.png\" class=\"attachment-full size-full wp-image-1852\" alt=\"\" srcset=\"https:\/\/kimberly-labs.com\/fr\/wp-content\/uploads\/2025\/08\/image.png 1600w, https:\/\/kimberly-labs.com\/fr\/wp-content\/uploads\/2025\/08\/image-300x200.png 300w, https:\/\/kimberly-labs.com\/fr\/wp-content\/uploads\/2025\/08\/image-1024x682.png 1024w, https:\/\/kimberly-labs.com\/fr\/wp-content\/uploads\/2025\/08\/image-768x512.png 768w, https:\/\/kimberly-labs.com\/fr\/wp-content\/uploads\/2025\/08\/image-1536x1023.png 1536w\" sizes=\"(max-width: 1600px) 100vw, 1600px\" \/>\t\t\t\t\t\t\t\t\t\t\t\t\t\t\t<\/div>\n\t\t\t\t\t<\/div>\n\t\t\t\t<\/div>\n\t\t\t\t<\/div>\n\t\t<div class=\"elementor-element elementor-element-611ff2d6 e-flex e-con-boxed elementor-invisible e-con e-child\" data-id=\"611ff2d6\" data-element_type=\"container\" data-settings=\"{&quot;background_background&quot;:&quot;classic&quot;,&quot;animation&quot;:&quot;fadeInDown&quot;}\">\n\t\t\t\t\t<div class=\"e-con-inner\">\n\t\t\t\t<div class=\"elementor-element elementor-element-68e0ea0 elementor-widget elementor-widget-heading\" data-id=\"68e0ea0\" data-element_type=\"widget\" data-widget_type=\"heading.default\">\n\t\t\t\t\t<h2 class=\"elementor-heading-title elementor-size-default\">Rapport de notation et certification<\/h2>\t\t\t\t<\/div>\n\t\t\t\t<div class=\"elementor-element elementor-element-5dc0258c elementor-widget elementor-widget-text-editor\" data-id=\"5dc0258c\" data-element_type=\"widget\" data-widget_type=\"text-editor.default\">\n\t\t\t\t\t\t\t\t\t<p>Chez KIMBERLY LABS, nous fournissons des rapports de classification et des certifications internationalement reconnus pour les diamants et les pierres pr\u00e9cieuses. Chaque pierre est examin\u00e9e par notre \u00e9quipe de gemmologues qualifi\u00e9s \u00e0 l&#8217;aide d&#8217;\u00e9quipements de test de pointe pour garantir exactitude et fiabilit\u00e9. Nos rapports couvrent des attributs cl\u00e9s tels que le poids en carats, la couleur, la puret\u00e9, la taille et les traitements appliqu\u00e9s.<\/p><p>Que vous soyez bijoutier, n\u00e9gociant ou collectionneur priv\u00e9, notre certification renforce la cr\u00e9dibilit\u00e9 et la confiance de vos pierres pr\u00e9cieuses, permettant des transactions transparentes sur les march\u00e9s locaux et internationaux. Notre engagement en faveur de l&#8217;int\u00e9grit\u00e9 signifie que chaque rapport refl\u00e8te des r\u00e9sultats impartiaux et scientifiquement \u00e9tay\u00e9s.<\/p>\t\t\t\t\t\t\t\t<\/div>\n\t\t\t\t\t<\/div>\n\t\t\t\t<\/div>\n\t\t\t\t\t<\/div>\n\t\t\t\t<\/div>\n\t\t\t\t\t<\/div>\n\t\t\t\t<\/div>\n\t\t<div class=\"elementor-element elementor-element-645bf65 e-flex e-con-boxed e-con e-parent\" data-id=\"645bf65\" data-element_type=\"container\" data-settings=\"{&quot;background_background&quot;:&quot;classic&quot;}\">\n\t\t\t\t\t<div class=\"e-con-inner\">\n\t\t<div class=\"elementor-element elementor-element-e3104b3 e-flex e-con-boxed e-con e-child\" data-id=\"e3104b3\" data-element_type=\"container\">\n\t\t\t\t\t<div class=\"e-con-inner\">\n\t\t<div class=\"elementor-element elementor-element-0702e50 e-flex e-con-boxed elementor-invisible e-con e-child\" data-id=\"0702e50\" data-element_type=\"container\" data-settings=\"{&quot;animation&quot;:&quot;fadeInUp&quot;}\">\n\t\t\t\t\t<div class=\"e-con-inner\">\n\t\t\t\t<div class=\"elementor-element elementor-element-09ae38a elementor-widget elementor-widget-heading\" data-id=\"09ae38a\" data-element_type=\"widget\" data-widget_type=\"heading.default\">\n\t\t\t\t\t<h2 class=\"elementor-heading-title elementor-size-default\">Service de test et de certification des diamants \u2013 Laboratoire Kimberly<\/h2>\t\t\t\t<\/div>\n\t\t\t\t<div class=\"elementor-element elementor-element-8169a0c elementor-widget elementor-widget-text-editor\" data-id=\"8169a0c\" data-element_type=\"widget\" data-widget_type=\"text-editor.default\">\n\t\t\t\t\t\t\t\t\t<p>Le Laboratoire Kimberly propose un service professionnel de test et de certification des diamants, utilisant des \u00e9quipements gemmologiques de pointe et r\u00e9alis\u00e9s par des experts certifi\u00e9s et hautement qualifi\u00e9s. Les examens sont r\u00e9alis\u00e9s conform\u00e9ment aux normes internationales afin de garantir une pr\u00e9cision et une fiabilit\u00e9 optimales.<\/p>\t\t\t\t\t\t\t\t<\/div>\n\t\t\t\t<div class=\"elementor-element elementor-element-9792e22 elementor-widget elementor-widget-text-editor\" data-id=\"9792e22\" data-element_type=\"widget\" data-widget_type=\"text-editor.default\">\n\t\t\t\t\t\t\t\t\t<p><strong>Le rapport de certificat comprend\u00a0:<\/strong><\/p><ul><li>Num\u00e9ro de certificat\u00a0: Un num\u00e9ro d\u2019identification unique pour chaque rapport afin de garantir la tra\u00e7abilit\u00e9 et la v\u00e9rification.<\/li><li>Authenticit\u00e9 et v\u00e9rification : Confirmation que le diamant est naturel, test\u00e9 et v\u00e9rifi\u00e9 gr\u00e2ce \u00e0 une technologie de pointe.<\/li><li>Nombre de diamants : Nombre total de diamants composant la pi\u00e8ce.<\/li><li>Poids en carats : Poids total des diamants, par exemple 1,75 carat.<\/li><li>Indice de couleur : Selon l\u2019\u00e9chelle GIA (par exemple, D, E, F, G\u2026).<\/li><li>Indice de puret\u00e9 : Selon l\u2019\u00e9chelle GIA (par exemple, VVS1, VS2, SI1\u2026).<\/li><li>Taille et forme : Identification de la forme du diamant (par exemple, rond brillant, princesse, ovale\u2026) et de sa sym\u00e9trie (excellent, tr\u00e8s bon, bon).<\/li><\/ul>\t\t\t\t\t\t\t\t<\/div>\n\t\t\t\t<div class=\"elementor-element elementor-element-c5f921a elementor-widget elementor-widget-text-editor\" data-id=\"c5f921a\" data-element_type=\"widget\" data-widget_type=\"text-editor.default\">\n\t\t\t\t\t\t\t\t\t<p>Tous les diamants sont \u00e9valu\u00e9s dans des conditions d&#8217;\u00e9clairage et de grossissement standardis\u00e9es \u00e0 l&#8217;aide d&#8217;outils gemmologiques professionnels pour garantir les r\u00e9sultats les plus pr\u00e9cis.<\/p>\t\t\t\t\t\t\t\t<\/div>\n\t\t\t\t\t<\/div>\n\t\t\t\t<\/div>\n\t\t\t\t\t<\/div>\n\t\t\t\t<\/div>\n\t\t\t\t\t<\/div>\n\t\t\t\t<\/div>\n\t\t\t\t<\/div>\n\t\t\n    <div class=\"xs_social_share_widget xs_share_url after_content \t\tmain_content  wslu-style-1 wslu-share-box-shaped wslu-fill-colored wslu-none wslu-share-horizontal wslu-theme-font-no wslu-main_content\">\n\n\t\t\n        <ul>\n\t\t\t        <\/ul>\n    <\/div> \n","protected":false},"excerpt":{"rendered":"<p>Rapport de notation et certification Rapport de notation et certification Chez KIMBERLY LABS, nous fournissons des rapports de classification et des certifications internationalement reconnus pour les diamants et les pierres pr\u00e9cieuses. Chaque pierre est examin\u00e9e par notre \u00e9quipe de gemmologues qualifi\u00e9s \u00e0 l&#8217;aide d&#8217;\u00e9quipements de test de pointe pour garantir exactitude et fiabilit\u00e9. Nos rapports [&hellip;]<\/p>\n","protected":false},"author":1,"featured_media":0,"parent":0,"menu_order":0,"comment_status":"closed","ping_status":"closed","template":"elementor_header_footer","meta":{"footnotes":""},"class_list":["post-1091","page","type-page","status-publish","hentry"],"_links":{"self":[{"href":"https:\/\/kimberly-labs.com\/fr\/wp-json\/wp\/v2\/pages\/1091","targetHints":{"allow":["GET"]}}],"collection":[{"href":"https:\/\/kimberly-labs.com\/fr\/wp-json\/wp\/v2\/pages"}],"about":[{"href":"https:\/\/kimberly-labs.com\/fr\/wp-json\/wp\/v2\/types\/page"}],"author":[{"embeddable":true,"href":"https:\/\/kimberly-labs.com\/fr\/wp-json\/wp\/v2\/users\/1"}],"replies":[{"embeddable":true,"href":"https:\/\/kimberly-labs.com\/fr\/wp-json\/wp\/v2\/comments?post=1091"}],"version-history":[{"count":76,"href":"https:\/\/kimberly-labs.com\/fr\/wp-json\/wp\/v2\/pages\/1091\/revisions"}],"predecessor-version":[{"id":2648,"href":"https:\/\/kimberly-labs.com\/fr\/wp-json\/wp\/v2\/pages\/1091\/revisions\/2648"}],"wp:attachment":[{"href":"https:\/\/kimberly-labs.com\/fr\/wp-json\/wp\/v2\/media?parent=1091"}],"curies":[{"name":"wp","href":"https:\/\/api.w.org\/{rel}","templated":true}]}}